{"id":6,"date":"2026-02-24T15:02:10","date_gmt":"2026-02-24T15:02:10","guid":{"rendered":"https:\/\/voltixashop.com\/?page_id=6"},"modified":"2026-03-22T21:48:35","modified_gmt":"2026-03-22T21:48:35","slug":"cart","status":"publish","type":"page","link":"https:\/\/voltixashop.com\/?page_id=6","title":{"rendered":"Cart"},"content":{"rendered":"\n<div data-block-name=\"woocommerce\/cart\" class=\"wp-block-woocommerce-cart alignwide is-loading\">\n<div data-block-name=\"woocommerce\/filled-cart-block\" class=\"wp-block-woocommerce-filled-cart-block\">\n<div data-block-name=\"woocommerce\/cart-items-block\" class=\"wp-block-woocommerce-cart-items-block\">\n<div data-block-name=\"woocommerce\/cart-line-items-block\" class=\"wp-block-woocommerce-cart-line-items-block\"><\/div>\n\n\n<\/div>\n\n\n\n\n<div data-block-name=\"woocommerce\/cart-totals-block\" class=\"wp-block-woocommerce-cart-totals-block\">\n<div data-block-name=\"woocommerce\/cart-order-summary-block\" class=\"wp-block-woocommerce-cart-order-summary-block\">\n<div data-block-name=\"woocommerce\/cart-order-summary-heading-block\" class=\"wp-block-woocommerce-cart-order-summary-heading-block\"><\/div><div data-block-name=\"woocommerce\/cart-order-summary-coupon-form-block\" class=\"wp-block-woocommerce-cart-order-summary-coupon-form-block\"><\/div><div data-block-name=\"woocommerce\/cart-order-summary-totals-block\" class=\"wp-block-woocommerce-cart-order-summary-totals-block\">\n<div data-block-name=\"woocommerce\/cart-order-summary-subtotal-block\" class=\"wp-block-woocommerce-cart-order-summary-subtotal-block\"><\/div>\n<div data-block-name=\"woocommerce\/cart-order-summary-discount-block\" class=\"wp-block-woocommerce-cart-order-summary-discount-block\"><\/div>\n<div data-block-name=\"woocommerce\/cart-order-summary-fee-block\" class=\"wp-block-woocommerce-cart-order-summary-fee-block\"><\/div>\n<div data-block-name=\"woocommerce\/cart-order-summary-shipping-block\" class=\"wp-block-woocommerce-cart-order-summary-shipping-block\"><\/div>\n<div data-block-name=\"woocommerce\/cart-order-summary-taxes-block\" class=\"wp-block-woocommerce-cart-order-summary-taxes-block\"><\/div><\/div>\n<\/div>\n\n\n\n<div data-block-name=\"woocommerce\/cart-express-payment-block\" class=\"wp-block-woocommerce-cart-express-payment-block\"><\/div>\n\n\n\n<div data-block-name=\"woocommerce\/proceed-to-checkout-block\" class=\"wp-block-woocommerce-proceed-to-checkout-block\"><\/div>\n<div id=\"ppcp-recaptcha-v2-container\" style=\"margin:20px 0;\"><\/div>\n\n\n<div data-block-name=\"woocommerce\/cart-accepted-payment-methods-block\" class=\"wp-block-woocommerce-cart-accepted-payment-methods-block\"><\/div>\n<\/div>\n<\/div>\n\n\n\n<div data-block-name=\"woocommerce\/empty-cart-block\" class=\"wp-block-woocommerce-empty-cart-block\">\n<h2 class=\"wp-block-heading has-text-align-center with-empty-cart-icon wc-block-cart__empty-cart__title\">Your cart is currently empty!<\/h2>\n\n\n\n<hr class=\"wp-block-separator has-alpha-channel-opacity is-style-dots\"\/>\n\n\n\n<h2 class=\"wp-block-heading has-text-align-center\">New in store<\/h2>\n\n\n<div data-block-name=\"woocommerce\/product-new\" data-columns=\"4\" data-rows=\"1\" class=\"wc-block-grid wp-block-product-new wp-block-woocommerce-product-new wc-block-product-new has-4-columns\"><ul class=\"wc-block-grid__products\"><li class=\"wc-block-grid__product\">\n\t\t\t\t<a href=\"https:\/\/voltixashop.com\/?product=acl-acb-34-bluetooth-wireless-single-ear-headset-black-white\" class=\"wc-block-grid__product-link\">\n\t\t\t\t\t<div class=\"wc-block-grid__product-onsale\">\n\t\t\t<span aria-hidden=\"true\">Sale<\/span>\n\t\t\t<span class=\"screen-reader-text\">Product on sale<\/span>\n\t\t<\/div>\n\t\t\t\t\t<div class=\"wc-block-grid__product-image\"><img loading=\"lazy\" decoding=\"async\" width=\"324\" height=\"324\" src=\"https:\/\/voltixashop.com\/wp-content\/uploads\/2026\/03\/34acb-324x324.jpg\" class=\"attachment-woocommerce_thumbnail size-woocommerce_thumbnail\" alt=\"ACL ACB-34 Bluetooth Wireless Single Ear Headset (Black \/ White)\" srcset=\"https:\/\/voltixashop.com\/wp-content\/uploads\/2026\/03\/34acb-324x324.jpg 324w, https:\/\/voltixashop.com\/wp-content\/uploads\/2026\/03\/34acb-100x100.jpg 100w, https:\/\/voltixashop.com\/wp-content\/uploads\/2026\/03\/34acb-416x416.jpg 416w, https:\/\/voltixashop.com\/wp-content\/uploads\/2026\/03\/34acb-300x300.jpg 300w, https:\/\/voltixashop.com\/wp-content\/uploads\/2026\/03\/34acb-1024x1024.jpg 1024w, https:\/\/voltixashop.com\/wp-content\/uploads\/2026\/03\/34acb-150x150.jpg 150w, https:\/\/voltixashop.com\/wp-content\/uploads\/2026\/03\/34acb-768x768.jpg 768w, https:\/\/voltixashop.com\/wp-content\/uploads\/2026\/03\/34acb.jpg 1100w\" sizes=\"auto, (max-width: 324px) 100vw, 324px\" \/><\/div>\n\t\t\t\t\t<div class=\"wc-block-grid__product-title\">ACL ACB-34 Bluetooth Wireless Single Ear Headset (Black \/ White)<\/div>\n\t\t\t\t<\/a>\n\t\t\t\t<div class=\"wc-block-grid__product-price price\"><del aria-hidden=\"true\"><span class=\"woocommerce-Price-amount amount\"><span class=\"woocommerce-Price-currencySymbol\">&#8378;<\/span>550,00<\/span><\/del> <span class=\"screen-reader-text\">Original price was: &#8378;550,00.<\/span><ins aria-hidden=\"true\"><span class=\"woocommerce-Price-amount amount\"><span class=\"woocommerce-Price-currencySymbol\">&#8378;<\/span>450,00<\/span><\/ins><span class=\"screen-reader-text\">Current price is: &#8378;450,00.<\/span><\/div>\n\t\t\t\t\n\t\t\t\t<div class=\"wp-block-button wc-block-grid__product-add-to-cart\"><a href=\"\/index.php?rest_route=%2Fwp%2Fv2%2Fpages%2F6&#038;add-to-cart=80\" aria-label=\"Add to cart: &ldquo;ACL ACB-34 Bluetooth Wireless Single Ear Headset (Black \/ White)&rdquo;\" data-quantity=\"1\" data-product_id=\"80\" data-product_sku=\"\" data-price=\"450\" rel=\"nofollow\" class=\"wp-block-button__link  add_to_cart_button ajax_add_to_cart\">Add to cart<\/a><\/div>\n\t\t\t<\/li><li class=\"wc-block-grid__product\">\n\t\t\t\t<a href=\"https:\/\/voltixashop.com\/?product=300mbps-wifi-repeater-router-range-extender-3-in-1\" class=\"wc-block-grid__product-link\">\n\t\t\t\t\t<div class=\"wc-block-grid__product-onsale\">\n\t\t\t<span aria-hidden=\"true\">Sale<\/span>\n\t\t\t<span class=\"screen-reader-text\">Product on sale<\/span>\n\t\t<\/div>\n\t\t\t\t\t<div class=\"wc-block-grid__product-image\"><img loading=\"lazy\" decoding=\"async\" width=\"324\" height=\"324\" src=\"https:\/\/voltixashop.com\/wp-content\/uploads\/2026\/03\/wifi-adaptor-324x324.jpg\" class=\"attachment-woocommerce_thumbnail size-woocommerce_thumbnail\" alt=\"300Mbps wifi repeater wifi range extender 4 antenna wireless router repeater\" srcset=\"https:\/\/voltixashop.com\/wp-content\/uploads\/2026\/03\/wifi-adaptor-324x324.jpg 324w, https:\/\/voltixashop.com\/wp-content\/uploads\/2026\/03\/wifi-adaptor-100x100.jpg 100w, https:\/\/voltixashop.com\/wp-content\/uploads\/2026\/03\/wifi-adaptor-416x416.jpg 416w, https:\/\/voltixashop.com\/wp-content\/uploads\/2026\/03\/wifi-adaptor-300x300.jpg 300w, https:\/\/voltixashop.com\/wp-content\/uploads\/2026\/03\/wifi-adaptor-1024x1024.jpg 1024w, https:\/\/voltixashop.com\/wp-content\/uploads\/2026\/03\/wifi-adaptor-150x150.jpg 150w, https:\/\/voltixashop.com\/wp-content\/uploads\/2026\/03\/wifi-adaptor-768x768.jpg 768w, https:\/\/voltixashop.com\/wp-content\/uploads\/2026\/03\/wifi-adaptor.jpg 1080w\" sizes=\"auto, (max-width: 324px) 100vw, 324px\" \/><\/div>\n\t\t\t\t\t<div class=\"wc-block-grid__product-title\">300Mbps WiFi Repeater \/ Router Range Extender 3-in-1<\/div>\n\t\t\t\t<\/a>\n\t\t\t\t<div class=\"wc-block-grid__product-price price\"><del aria-hidden=\"true\"><span class=\"woocommerce-Price-amount amount\"><span class=\"woocommerce-Price-currencySymbol\">&#8378;<\/span>2.000,00<\/span><\/del> <span class=\"screen-reader-text\">Original price was: &#8378;2.000,00.<\/span><ins aria-hidden=\"true\"><span class=\"woocommerce-Price-amount amount\"><span class=\"woocommerce-Price-currencySymbol\">&#8378;<\/span>1.800,00<\/span><\/ins><span class=\"screen-reader-text\">Current price is: &#8378;1.800,00.<\/span><\/div>\n\t\t\t\t\n\t\t\t\t<div class=\"wp-block-button wc-block-grid__product-add-to-cart\"><a href=\"\/index.php?rest_route=%2Fwp%2Fv2%2Fpages%2F6&#038;add-to-cart=71\" aria-label=\"Add to cart: &ldquo;300Mbps WiFi Repeater \/ Router Range Extender 3-in-1&rdquo;\" data-quantity=\"1\" data-product_id=\"71\" data-product_sku=\"\" data-price=\"1800\" rel=\"nofollow\" class=\"wp-block-button__link  add_to_cart_button ajax_add_to_cart\">Add to cart<\/a><\/div>\n\t\t\t<\/li><li class=\"wc-block-grid__product\">\n\t\t\t\t<a href=\"https:\/\/voltixashop.com\/?product=acl-acb-20-wireless-earbud-bluetooth-5-0-business-series\" class=\"wc-block-grid__product-link\">\n\t\t\t\t\t\n\t\t\t\t\t<div class=\"wc-block-grid__product-image\"><img loading=\"lazy\" decoding=\"async\" width=\"324\" height=\"324\" src=\"https:\/\/voltixashop.com\/wp-content\/uploads\/2026\/03\/human-324x324.png\" class=\"attachment-woocommerce_thumbnail size-woocommerce_thumbnail\" alt=\"ACL ACB-20 wireless Bluetooth earbud Business wireless single ear headset Bluetooth 5.0 earbud ACL\" srcset=\"https:\/\/voltixashop.com\/wp-content\/uploads\/2026\/03\/human-324x324.png 324w, https:\/\/voltixashop.com\/wp-content\/uploads\/2026\/03\/human-100x100.png 100w, https:\/\/voltixashop.com\/wp-content\/uploads\/2026\/03\/human-150x150.png 150w\" sizes=\"auto, (max-width: 324px) 100vw, 324px\" \/><\/div>\n\t\t\t\t\t<div class=\"wc-block-grid__product-title\">ACL ACB-20 Wireless Earbud Bluetooth 5.0 Business Series<\/div>\n\t\t\t\t<\/a>\n\t\t\t\t<div class=\"wc-block-grid__product-price price\"><span class=\"woocommerce-Price-amount amount\"><span class=\"woocommerce-Price-currencySymbol\">&#8378;<\/span>500,00<\/span><\/div>\n\t\t\t\t\n\t\t\t\t<div class=\"wp-block-button wc-block-grid__product-add-to-cart\"><a href=\"https:\/\/voltixashop.com\/?product=acl-acb-20-wireless-earbud-bluetooth-5-0-business-series\" aria-label=\"Select options for &ldquo;ACL ACB-20 Wireless Earbud Bluetooth 5.0 Business Series&rdquo;\" data-quantity=\"1\" data-product_id=\"58\" data-product_sku=\"\" data-price=\"500\" rel=\"nofollow\" class=\"wp-block-button__link  add_to_cart_button\">Select options<\/a><\/div>\n\t\t\t<\/li><li class=\"wc-block-grid__product\">\n\t\t\t\t<a href=\"https:\/\/voltixashop.com\/?product=usb-strip-socket-sarj-adaptoru-priz\" class=\"wc-block-grid__product-link\">\n\t\t\t\t\t\n\t\t\t\t\t<div class=\"wc-block-grid__product-image\"><img loading=\"lazy\" decoding=\"async\" width=\"324\" height=\"324\" src=\"https:\/\/voltixashop.com\/wp-content\/uploads\/2026\/03\/1soc-324x324.jpg\" class=\"attachment-woocommerce_thumbnail size-woocommerce_thumbnail\" alt=\"USB Strip Socket (\u015earj Adapt\u00f6r\u00fc Priz)\" srcset=\"https:\/\/voltixashop.com\/wp-content\/uploads\/2026\/03\/1soc-324x324.jpg 324w, https:\/\/voltixashop.com\/wp-content\/uploads\/2026\/03\/1soc-100x100.jpg 100w, https:\/\/voltixashop.com\/wp-content\/uploads\/2026\/03\/1soc-416x416.jpg 416w, https:\/\/voltixashop.com\/wp-content\/uploads\/2026\/03\/1soc-300x300.jpg 300w, https:\/\/voltixashop.com\/wp-content\/uploads\/2026\/03\/1soc-150x150.jpg 150w, https:\/\/voltixashop.com\/wp-content\/uploads\/2026\/03\/1soc.jpg 500w\" sizes=\"auto, (max-width: 324px) 100vw, 324px\" \/><\/div>\n\t\t\t\t\t<div class=\"wc-block-grid__product-title\">USB Strip Socket (\u015earj Adapt\u00f6r\u00fc Priz)<\/div>\n\t\t\t\t<\/a>\n\t\t\t\t<div class=\"wc-block-grid__product-price price\"><span class=\"woocommerce-Price-amount amount\"><span class=\"woocommerce-Price-currencySymbol\">&#8378;<\/span>550,00<\/span><\/div>\n\t\t\t\t\n\t\t\t\t<div class=\"wp-block-button wc-block-grid__product-add-to-cart\"><a href=\"\/index.php?rest_route=%2Fwp%2Fv2%2Fpages%2F6&#038;add-to-cart=40\" aria-label=\"Add to cart: &ldquo;USB Strip Socket (\u015earj Adapt\u00f6r\u00fc Priz)&rdquo;\" data-quantity=\"1\" data-product_id=\"40\" data-product_sku=\"\" data-price=\"550\" rel=\"nofollow\" class=\"wp-block-button__link  add_to_cart_button ajax_add_to_cart\">Add to cart<\/a><\/div>\n\t\t\t<\/li><\/ul><\/div><\/div>\n<\/div>\n","protected":false},"excerpt":{"rendered":"","protected":false},"author":1,"featured_media":0,"parent":0,"menu_order":0,"comment_status":"closed","ping_status":"closed","template":"","meta":{"footnotes":""},"class_list":["post-6","page","type-page","status-publish","hentry"],"yoast_head":"<!-- This site is optimized with the Yoast SEO plugin v27.0 - https:\/\/yoast.com\/product\/yoast-seo-wordpress\/ -->\n<title>Cart - Voltixa Shop<\/title>\n<meta name=\"robots\" content=\"index, follow, max-snippet:-1, max-image-preview:large, max-video-preview:-1\" \/>\n<link rel=\"canonical\" href=\"https:\/\/voltixashop.com\/?page_id=6\" \/>\n<meta property=\"og:locale\" content=\"en_US\" \/>\n<meta property=\"og:type\" content=\"article\" \/>\n<meta property=\"og:title\" content=\"Cart - Voltixa Shop\" \/>\n<meta property=\"og:url\" content=\"https:\/\/voltixashop.com\/?page_id=6\" \/>\n<meta property=\"og:site_name\" content=\"Voltixa Shop\" \/>\n<meta property=\"article:modified_time\" content=\"2026-03-22T21:48:35+00:00\" \/>\n<meta name=\"twitter:card\" content=\"summary_large_image\" \/>\n<script type=\"application\/ld+json\" class=\"yoast-schema-graph\">{\"@context\":\"https:\/\/schema.org\",\"@graph\":[{\"@type\":\"WebPage\",\"@id\":\"https:\/\/voltixashop.com\/?page_id=6\",\"url\":\"https:\/\/voltixashop.com\/?page_id=6\",\"name\":\"Cart - Voltixa Shop\",\"isPartOf\":{\"@id\":\"http:\/\/voltixashop.com\/#website\"},\"datePublished\":\"2026-02-24T15:02:10+00:00\",\"dateModified\":\"2026-03-22T21:48:35+00:00\",\"breadcrumb\":{\"@id\":\"https:\/\/voltixashop.com\/?page_id=6#breadcrumb\"},\"inLanguage\":\"en-US\",\"potentialAction\":[{\"@type\":\"ReadAction\",\"target\":[\"https:\/\/voltixashop.com\/?page_id=6\"]}]},{\"@type\":\"BreadcrumbList\",\"@id\":\"https:\/\/voltixashop.com\/?page_id=6#breadcrumb\",\"itemListElement\":[{\"@type\":\"ListItem\",\"position\":1,\"name\":\"Home\",\"item\":\"https:\/\/voltixashop.com\/\"},{\"@type\":\"ListItem\",\"position\":2,\"name\":\"Cart\"}]},{\"@type\":\"WebSite\",\"@id\":\"http:\/\/voltixashop.com\/#website\",\"url\":\"http:\/\/voltixashop.com\/\",\"name\":\"Voltixa Shop\",\"description\":\"\",\"potentialAction\":[{\"@type\":\"SearchAction\",\"target\":{\"@type\":\"EntryPoint\",\"urlTemplate\":\"http:\/\/voltixashop.com\/?s={search_term_string}\"},\"query-input\":{\"@type\":\"PropertyValueSpecification\",\"valueRequired\":true,\"valueName\":\"search_term_string\"}}],\"inLanguage\":\"en-US\"}]}<\/script>\n<!-- \/ Yoast SEO plugin. -->","yoast_head_json":{"title":"Cart - Voltixa Shop","robots":{"index":"index","follow":"follow","max-snippet":"max-snippet:-1","max-image-preview":"max-image-preview:large","max-video-preview":"max-video-preview:-1"},"canonical":"https:\/\/voltixashop.com\/?page_id=6","og_locale":"en_US","og_type":"article","og_title":"Cart - Voltixa Shop","og_url":"https:\/\/voltixashop.com\/?page_id=6","og_site_name":"Voltixa Shop","article_modified_time":"2026-03-22T21:48:35+00:00","twitter_card":"summary_large_image","schema":{"@context":"https:\/\/schema.org","@graph":[{"@type":"WebPage","@id":"https:\/\/voltixashop.com\/?page_id=6","url":"https:\/\/voltixashop.com\/?page_id=6","name":"Cart - Voltixa Shop","isPartOf":{"@id":"http:\/\/voltixashop.com\/#website"},"datePublished":"2026-02-24T15:02:10+00:00","dateModified":"2026-03-22T21:48:35+00:00","breadcrumb":{"@id":"https:\/\/voltixashop.com\/?page_id=6#breadcrumb"},"inLanguage":"en-US","potentialAction":[{"@type":"ReadAction","target":["https:\/\/voltixashop.com\/?page_id=6"]}]},{"@type":"BreadcrumbList","@id":"https:\/\/voltixashop.com\/?page_id=6#breadcrumb","itemListElement":[{"@type":"ListItem","position":1,"name":"Home","item":"https:\/\/voltixashop.com\/"},{"@type":"ListItem","position":2,"name":"Cart"}]},{"@type":"WebSite","@id":"http:\/\/voltixashop.com\/#website","url":"http:\/\/voltixashop.com\/","name":"Voltixa Shop","description":"","potentialAction":[{"@type":"SearchAction","target":{"@type":"EntryPoint","urlTemplate":"http:\/\/voltixashop.com\/?s={search_term_string}"},"query-input":{"@type":"PropertyValueSpecification","valueRequired":true,"valueName":"search_term_string"}}],"inLanguage":"en-US"}]}},"jetpack_sharing_enabled":true,"_links":{"self":[{"href":"https:\/\/voltixashop.com\/index.php?rest_route=\/wp\/v2\/pages\/6","targetHints":{"allow":["GET"]}}],"collection":[{"href":"https:\/\/voltixashop.com\/index.php?rest_route=\/wp\/v2\/pages"}],"about":[{"href":"https:\/\/voltixashop.com\/index.php?rest_route=\/wp\/v2\/types\/page"}],"author":[{"embeddable":true,"href":"https:\/\/voltixashop.com\/index.php?rest_route=\/wp\/v2\/users\/1"}],"replies":[{"embeddable":true,"href":"https:\/\/voltixashop.com\/index.php?rest_route=%2Fwp%2Fv2%2Fcomments&post=6"}],"version-history":[{"count":1,"href":"https:\/\/voltixashop.com\/index.php?rest_route=\/wp\/v2\/pages\/6\/revisions"}],"predecessor-version":[{"id":11,"href":"https:\/\/voltixashop.com\/index.php?rest_route=\/wp\/v2\/pages\/6\/revisions\/11"}],"wp:attachment":[{"href":"https:\/\/voltixashop.com\/index.php?rest_route=%2Fwp%2Fv2%2Fmedia&parent=6"}],"curies":[{"name":"wp","href":"https:\/\/api.w.org\/{rel}","templated":true}]}}